{"id":2450,"date":"2023-03-14T21:29:36","date_gmt":"2023-03-14T21:29:36","guid":{"rendered":"https:\/\/ccsanalejo.com\/?page_id=2450"},"modified":"2023-03-15T14:01:27","modified_gmt":"2023-03-15T14:01:27","slug":"tarjeta-de-credito-empresarial","status":"publish","type":"page","link":"https:\/\/ccsanalejo.com\/?page_id=2450","title":{"rendered":"Tarjeta de Cr\u00e9dito Empresarial"},"content":{"rendered":"\t\t<div data-elementor-type=\"wp-page\" data-elementor-id=\"2450\" class=\"elementor elementor-2450\">\n\t\t\t\t\t\t<section class=\"elementor-section elementor-top-section elementor-element elementor-element-50aa4d5 elementor-section-boxed elementor-section-height-default elementor-section-height-default\" data-id=\"50aa4d5\" data-element_type=\"section\" data-e-type=\"section\">\n\t\t\t\t\t\t<div class=\"elementor-container elementor-column-gap-default\">\n\t\t\t\t\t<div class=\"elementor-column elementor-col-100 elementor-top-column elementor-element elementor-element-dccf16e\" data-id=\"dccf16e\" data-element_type=\"column\" data-e-type=\"column\">\n\t\t\t<div class=\"elementor-widget-wrap elementor-element-populated\">\n\t\t\t\t\t\t<div class=\"elementor-element elementor-element-59a8f54 elementor-widget elementor-widget-heading\" data-id=\"59a8f54\" data-element_type=\"widget\" data-e-type=\"widget\" data-widget_type=\"heading.default\">\n\t\t\t\t<div class=\"elementor-widget-container\">\n\t\t\t\t\t<h2 class=\"elementor-heading-title elementor-size-default\"><font style=\"vertical-align: inherit\"><\/font><font style=\"vertical-align: inherit\"><font style=\"vertical-align: inherit\"><font style=\"vertical-align: inherit\"><\/font><\/font><\/font><font style=\"vertical-align: inherit\"><font style=\"vertical-align: inherit\">Tarjeta de Cr\u00e9dito Empresarial<\/font><\/font><\/h2>\t\t\t\t<\/div>\n\t\t\t\t<\/div>\n\t\t\t\t\t<\/div>\n\t\t<\/div>\n\t\t\t\t\t<\/div>\n\t\t<\/section>\n\t\t\t\t<section class=\"elementor-section elementor-top-section elementor-element elementor-element-b6e11b9 elementor-section-boxed elementor-section-height-default elementor-section-height-default\" data-id=\"b6e11b9\" data-element_type=\"section\" data-e-type=\"section\">\n\t\t\t\t\t\t<div class=\"elementor-container elementor-column-gap-default\">\n\t\t\t\t\t<div class=\"elementor-column elementor-col-50 elementor-top-column elementor-element elementor-element-b15be2b\" data-id=\"b15be2b\" data-element_type=\"column\" data-e-type=\"column\">\n\t\t\t<div class=\"elementor-widget-wrap elementor-element-populated\">\n\t\t\t\t\t\t<div class=\"elementor-element elementor-element-5f1a1d5 elementor-widget elementor-widget-image\" data-id=\"5f1a1d5\" data-element_type=\"widget\" data-e-type=\"widget\" data-widget_type=\"image.default\">\n\t\t\t\t<div class=\"elementor-widget-container\">\n\t\t\t\t\t\t\t\t\t\t\t\t\t\t\t<img fetchpriority=\"high\" decoding=\"async\" width=\"1024\" height=\"761\" src=\"https:\/\/ccsanalejo.com\/wp-content\/uploads\/2022\/02\/Tarjeta-Empresarial-1024x761.png\" class=\"attachment-large size-large wp-image-2395\" alt=\"\" srcset=\"https:\/\/ccsanalejo.com\/wp-content\/uploads\/2022\/02\/Tarjeta-Empresarial-1024x761.png 1024w, https:\/\/ccsanalejo.com\/wp-content\/uploads\/2022\/02\/Tarjeta-Empresarial-300x223.png 300w, https:\/\/ccsanalejo.com\/wp-content\/uploads\/2022\/02\/Tarjeta-Empresarial-768x571.png 768w, https:\/\/ccsanalejo.com\/wp-content\/uploads\/2022\/02\/Tarjeta-Empresarial-1536x1141.png 1536w, https:\/\/ccsanalejo.com\/wp-content\/uploads\/2022\/02\/Tarjeta-Empresarial-2048x1522.png 2048w, https:\/\/ccsanalejo.com\/wp-content\/uploads\/2022\/02\/Tarjeta-Empresarial-920x684.png 920w, https:\/\/ccsanalejo.com\/wp-content\/uploads\/2022\/02\/Tarjeta-Empresarial-230x171.png 230w, https:\/\/ccsanalejo.com\/wp-content\/uploads\/2022\/02\/Tarjeta-Empresarial-350x260.png 350w, https:\/\/ccsanalejo.com\/wp-content\/uploads\/2022\/02\/Tarjeta-Empresarial-480x357.png 480w\" sizes=\"(max-width: 1024px) 100vw, 1024px\" \/>\t\t\t\t\t\t\t\t\t\t\t\t\t\t\t<\/div>\n\t\t\t\t<\/div>\n\t\t\t\t\t<\/div>\n\t\t<\/div>\n\t\t\t\t<div class=\"elementor-column elementor-col-50 elementor-top-column elementor-element elementor-element-61e494c\" data-id=\"61e494c\" data-element_type=\"column\" data-e-type=\"column\">\n\t\t\t<div class=\"elementor-widget-wrap elementor-element-populated\">\n\t\t\t\t\t\t<div class=\"elementor-element elementor-element-41e41ce elementor-widget elementor-widget-text-editor\" data-id=\"41e41ce\" data-element_type=\"widget\" data-e-type=\"widget\" data-widget_type=\"text-editor.default\">\n\t\t\t\t<div class=\"elementor-widget-container\">\n\t\t\t\t\t\t\t\t\t<p><span style=\"vertical-align: inherit;\"><span style=\"vertical-align: inherit;\"><span style=\"vertical-align: inherit;\"><span style=\"vertical-align: inherit;\">TARJETA DE CR\u00c9DITO EMPRESARIAL<\/span><\/span><\/span><\/span><\/p><ul><li><span style=\"vertical-align: inherit;\"><span style=\"vertical-align: inherit;\"><span style=\"vertical-align: inherit;\"><span style=\"vertical-align: inherit;\">Acumula Fedepuntos por cada compra que realices y canj\u00e9alos por dinero en efectivo o LifeMiles de Avianca*<\/span><\/span><\/span><\/span><\/li><li><span style=\"vertical-align: inherit;\"><span style=\"vertical-align: inherit;\"><span style=\"vertical-align: inherit;\"><span style=\"vertical-align: inherit;\">Membres\u00eda gratis para las tarjetas de cr\u00e9dito con l\u00edmites hasta $2,000.00<\/span><\/span><\/span><\/span><\/li><li><span style=\"vertical-align: inherit;\"><span style=\"vertical-align: inherit;\"><span style=\"vertical-align: inherit;\"><span style=\"vertical-align: inherit;\">Tecnolog\u00eda Contactless para hacer m\u00e1s seguras tus transacciones<\/span><\/span><\/span><\/span><\/li><li><span style=\"vertical-align: inherit;\"><span style=\"vertical-align: inherit;\"><span style=\"vertical-align: inherit;\"><span style=\"vertical-align: inherit;\">Servicio gratuito de notificaciones de alertas por compra o retiros, por medio de mensajes de texto a tu celular<\/span><\/span><\/span><\/span><\/li><li><span style=\"vertical-align: inherit;\"><span style=\"vertical-align: inherit;\"><span style=\"vertical-align: inherit;\"><span style=\"vertical-align: inherit;\">Descuentos y promociones en comercios afiliados al programa de lealtad<\/span><\/span><\/span><\/span><\/li><li><span style=\"vertical-align: inherit;\"><span style=\"vertical-align: inherit;\"><span style=\"vertical-align: inherit;\"><span style=\"vertical-align: inherit;\">Aceptada en todos los comercios y cajeros a nivel nacional e internacional afiliados a la marca VISA.<\/span><\/span><\/span><\/span><\/li><li><span style=\"vertical-align: inherit;\"><span style=\"vertical-align: inherit;\"><span style=\"vertical-align: inherit;\"><span style=\"vertical-align: inherit;\">Retiro de efectivo en Cajeros Autom\u00e1ticos FEDE RED 365 y otras redes a nivel local e internacional.<\/span><\/span><\/span><\/span><\/li><\/ul><p><span style=\"vertical-align: inherit;\"><span style=\"vertical-align: inherit;\"><span style=\"vertical-align: inherit;\"><span style=\"vertical-align: inherit;\">Beneficios VISA:<\/span><\/span><\/span><\/span><\/p><p><span style=\"vertical-align: inherit;\"><span style=\"vertical-align: inherit;\"><span style=\"vertical-align: inherit;\"><span style=\"vertical-align: inherit;\">(Solicitar cuando el tarjetahabiente se encuentre en el extranjero)<\/span><\/span><\/span><\/span><\/p><ul><li><span style=\"vertical-align: inherit;\"><span style=\"vertical-align: inherit;\"><span style=\"vertical-align: inherit;\"><span style=\"vertical-align: inherit;\">Centro de Atenci\u00f3n al Cliente Visa Digital y Tel\u00e9fono<\/span><\/span><\/span><\/span><\/li><\/ul><p><span style=\"vertical-align: inherit;\"><span style=\"vertical-align: inherit;\"><span style=\"vertical-align: inherit;\"><span style=\"vertical-align: inherit;\">Este servicio te permite hacer llamadas cuando te encuentras en el extranjero sin cobrar alguno, para hacer cualquier gesti\u00f3n o solicitar cualquier asistencia, tales como: robo de tarjeta, p\u00e9rdida de la tarjeta, dinero de emergencia, entre otros.<\/span><\/span><\/span><\/span><\/p><ul><li><span style=\"vertical-align: inherit;\"><span style=\"vertical-align: inherit;\"><span style=\"vertical-align: inherit;\"><span style=\"vertical-align: inherit;\">Acceso al Portal de Beneficios Visa<\/span><\/span><\/span><\/span><\/li><\/ul><p><span style=\"vertical-align: inherit;\"><span style=\"vertical-align: inherit;\"><span style=\"vertical-align: inherit;\"><span style=\"vertical-align: inherit;\">Este servicio es parte esencial de pertenecer a la marca VISA; <\/span><\/span><\/span><span style=\"vertical-align: inherit;\"><span style=\"vertical-align: inherit;\"><span style=\"vertical-align: inherit;\">en este portal podr\u00e1 autogestionar todos sus requerimientos, como: emitir certificados de viaje, afiliarse a servicios de Streaming, afiliarse a revistas digitales, afiliarse a casilleros para compras como SKYBOX, gestionar reclamos de seguro de veh\u00edculos arrendados en el extranjero, entre otros servicios<\/span><\/span><\/span><\/span><\/p><ul><li><span style=\"vertical-align: inherit;\"><span style=\"vertical-align: inherit;\">Desembolso de Efectivo de Emergencia. <\/span><span style=\"vertical-align: inherit;\">Sujeto a disponibilidad de la tarjeta<\/span><\/span><\/li><\/ul><p><span style=\"vertical-align: inherit;\"><span style=\"vertical-align: inherit;\">Este servicio te ayudar\u00e1 a obtener efectivo en caso de que tu tarjeta se pierda o la roben y te encuentres con una emergencia estando fuera del pa\u00eds. <\/span><span style=\"vertical-align: inherit;\">No aplica en Cuba, Siria, Sud\u00e1n, Ir\u00e1n, Corea del Norte, Crimea y otros pa\u00edses listados en OFAC.)<\/span><\/span><\/p><ul><li><span style=\"vertical-align: inherit;\"><span style=\"vertical-align: inherit;\">Servicio de Reemplazo temporal de Tarjeta<\/span><\/span><\/li><\/ul><p><span style=\"vertical-align: inherit;\"><span style=\"vertical-align: inherit;\">Este servicio, a trav\u00e9s del Centro de Atenci\u00f3n al Cliente Visa, coordina el env\u00edo de una tarjeta temporal, que ha sido extraviada, perdida o robada, cuando te encuentras fuera del pa\u00eds, en un plazo de 24 horas en EE.UU y Canad\u00e1 y de un d\u00eda h\u00e1bil desde otros pa\u00edses.<\/span><\/span><\/p><ul><li><span style=\"vertical-align: inherit;\"><span style=\"vertical-align: inherit;\">Protecci\u00f3n mejorada de compra<\/span><\/span><\/li><\/ul><p><span style=\"vertical-align: inherit;\"><span style=\"vertical-align: inherit;\">Cuando pague en su totalidad un art\u00edculo con su Visa elegible, recibir\u00e1 de forma gratuita y sin tener que registrarlo, protecci\u00f3n contra robo o da\u00f1os accidentales, dentro de los 180 d\u00edas posteriores a la fecha de compra. <\/span><span style=\"vertical-align: inherit;\">Este servicio no est\u00e1 cubierto por el Programa de Protecci\u00f3n contra Robo, Hurto, Fraude y Extrav\u00edo<\/span><\/span><\/p><ul><li><span style=\"vertical-align: inherit;\"><span style=\"vertical-align: inherit;\">Garant\u00eda Extendida<\/span><\/span><\/li><\/ul><p><span style=\"vertical-align: inherit;\"><span style=\"vertical-align: inherit;\">El art\u00edculo cubierto debe tener una garant\u00eda del fabricante \/ minorista de un m\u00ednimo de tres meses y hasta tres a\u00f1os. <\/span><span style=\"vertical-align: inherit;\">La cobertura est\u00e1 sujeta a los t\u00e9rminos y condiciones aplicables. <\/span><span style=\"vertical-align: inherit;\">Debes reportar y abrir una reclamaci\u00f3n tan pronto como sea posible despu\u00e9s del incidente. <\/span><span style=\"vertical-align: inherit;\">La cobertura es provista por AIG y\/o la reaseguradora correspondiente, si aplica. <\/span><span style=\"vertical-align: inherit;\">Esta protecci\u00f3n no aplica para productos comprados en Cuba, Siria, Sud\u00e1n, Ir\u00e1n, Corea del Norte, Crimea y otros pa\u00edses listados en OFAC.<\/span><\/span><\/p><ul><li><span style=\"vertical-align: inherit;\"><span style=\"vertical-align: inherit;\">proteccion juridica<\/span><\/span><\/li><\/ul><p><span style=\"vertical-align: inherit;\"><span style=\"vertical-align: inherit;\">El Asegurado est\u00e1 protegido por los costos y gastos legales relacionados con lesiones y\/o da\u00f1os a un tercero. <\/span><span style=\"vertical-align: inherit;\">La cobertura est\u00e1 sujeta a los t\u00e9rminos y condiciones de la p\u00f3liza de seguro. <\/span><span style=\"vertical-align: inherit;\">Para gestionar una reclamaci\u00f3n para ese beneficio, por favor complete el formulario de reclamaci\u00f3n y lo env\u00ede para el correo lacclaim@ap-visa.com junto con los documentos exigidos de la lista de verificaci\u00f3n.<\/span><\/span><\/p><ul><li><span style=\"vertical-align: inherit;\"><span style=\"vertical-align: inherit;\">Servicios de Informaci\u00f3n para el Viajero VISA<\/span><\/span><\/li><\/ul><p><span style=\"vertical-align: inherit;\"><span style=\"vertical-align: inherit;\">Tu tarjeta Visa te proporciona gratuitamente servicios de informaci\u00f3n y asistencia para que viajes con m\u00e1s seguridad y ahorres tiempo y dinero. <\/span><span style=\"vertical-align: inherit;\">Como tarjetahabiente Visa puedes obtener informaci\u00f3n las 24 horas del d\u00eda los 7 d\u00edas de la semana con solo comunicarte con el Centro de Atenci\u00f3n al Cliente Visa.<\/span><\/span><\/p><ul><li><span style=\"vertical-align: inherit;\"><span style=\"vertical-align: inherit;\">Protecci\u00f3n de Precios<\/span><\/span><\/li><\/ul><p><span style=\"vertical-align: inherit;\"><span style=\"vertical-align: inherit;\"><span style=\"vertical-align: inherit;\"><span style=\"vertical-align: inherit;\">Cuando pague en su totalidad un art\u00edculo con su Visa elegible, recibir\u00e1 de forma gratuita y sin tener que registrarlo, protecci\u00f3n cuando encuentre el mismo art\u00edculo (misma marca, modelo y a\u00f1o modelo) por un precio m\u00e1s bajo dentro de los treinta d\u00edas de la fecha de compra. <\/span><\/span><\/span><span style=\"vertical-align: inherit;\"><span style=\"vertical-align: inherit;\"><span style=\"vertical-align: inherit;\">Esta protecci\u00f3n lo compensar\u00e1 por la diferencia de precio hasta la suma m\u00e1xima asegurada que corresponda. <\/span><\/span><\/span><span style=\"vertical-align: inherit;\"><span style=\"vertical-align: inherit;\"><span style=\"vertical-align: inherit;\">La diferencia de precio debe ser superior a USD 25 para que se aplique esta cobertura. <\/span><\/span><\/span><span style=\"vertical-align: inherit;\"><span style=\"vertical-align: inherit;\"><span style=\"vertical-align: inherit;\">Esta protecci\u00f3n de precios aplica tanto para los art\u00edculos comprados en su propio pa\u00eds o en el extranjero. <\/span><\/span><\/span><span style=\"vertical-align: inherit;\"><span style=\"vertical-align: inherit;\"><span style=\"vertical-align: inherit;\">La cobertura est\u00e1 sujeta a los t\u00e9rminos y condiciones aplicables.<\/span><\/span><\/span><\/span><\/p><ul><li><span style=\"vertical-align: inherit;\"><span style=\"vertical-align: inherit;\"><span style=\"vertical-align: inherit;\"><span style=\"vertical-align: inherit;\">Programa de renuncia a la responsabilidad empresarial<\/span><\/span><\/span><\/span><\/li><\/ul><p><span style=\"vertical-align: inherit;\"><span style=\"vertical-align: inherit;\"><span style=\"vertical-align: inherit;\"><span style=\"vertical-align: inherit;\">La empresa que ha establecido una cuenta de Tarjetas Comerciales Visa puede solicitarle a la Instituci\u00f3n Financiera el relevo por cargos determinados en el Programa de Relevo de Responsabilidad. <\/span><\/span><\/span><span style=\"vertical-align: inherit;\"><span style=\"vertical-align: inherit;\"><span style=\"vertical-align: inherit;\">La instituci\u00f3n Financiera podr\u00e1 relevar a la compa\u00f1\u00eda de la responsabilidad que le compita por cargas relevantes por la tarjeta comercial Visa y ser reembolsada por la Empresa asegurada, siempre que tanto la instituci\u00f3n financiera como la compa\u00f1\u00eda cumpla con todas las obligaciones del programa.<\/span><\/span><\/span><\/span><\/p><p><span style=\"vertical-align: inherit;\"><span style=\"vertical-align: inherit;\"><span style=\"vertical-align: inherit;\"><span style=\"vertical-align: inherit;\">Para m\u00e1s informaci\u00f3n sobre los beneficios VISA puede consultar el siguiente enlace:\u00a0 <\/span><\/span><\/span><\/span><a href=\"https:\/\/visabenefitslac.axa-assistance.us\/benefits\/P_C_SV\"><span style=\"vertical-align: inherit;\"><span style=\"vertical-align: inherit;\"><span style=\"vertical-align: inherit;\"><span style=\"vertical-align: inherit;\">https:\/\/visabenefitslac.axa-assistance.us\/benefits\/P_C_SV<\/span><\/span><\/span><\/span><\/a><\/p>\t\t\t\t\t\t\t\t<\/div>\n\t\t\t\t<\/div>\n\t\t\t\t\t<\/div>\n\t\t<\/div>\n\t\t\t\t\t<\/div>\n\t\t<\/section>\n\t\t\t\t<\/div>\n\t\t","protected":false},"excerpt":{"rendered":"<p>Tarjeta de Cr\u00e9dito Empresarial TARJETA DE CR\u00c9DITO EMPRESARIAL Acumula Fedepuntos por cada compra que realices y canj\u00e9alos por dinero en efectivo o LifeMiles de Avianca* Membres\u00eda [&hellip;]<\/p>\n","protected":false},"author":2,"featured_media":0,"parent":0,"menu_order":0,"comment_status":"closed","ping_status":"closed","template":"","meta":{"footnotes":""},"class_list":["post-2450","page","type-page","status-publish","hentry"],"_links":{"self":[{"href":"https:\/\/ccsanalejo.com\/index.php?rest_route=\/wp\/v2\/pages\/2450","targetHints":{"allow":["GET"]}}],"collection":[{"href":"https:\/\/ccsanalejo.com\/index.php?rest_route=\/wp\/v2\/pages"}],"about":[{"href":"https:\/\/ccsanalejo.com\/index.php?rest_route=\/wp\/v2\/types\/page"}],"author":[{"embeddable":true,"href":"https:\/\/ccsanalejo.com\/index.php?rest_route=\/wp\/v2\/users\/2"}],"replies":[{"embeddable":true,"href":"https:\/\/ccsanalejo.com\/index.php?rest_route=%2Fwp%2Fv2%2Fcomments&post=2450"}],"version-history":[{"count":10,"href":"https:\/\/ccsanalejo.com\/index.php?rest_route=\/wp\/v2\/pages\/2450\/revisions"}],"predecessor-version":[{"id":2494,"href":"https:\/\/ccsanalejo.com\/index.php?rest_route=\/wp\/v2\/pages\/2450\/revisions\/2494"}],"wp:attachment":[{"href":"https:\/\/ccsanalejo.com\/index.php?rest_route=%2Fwp%2Fv2%2Fmedia&parent=2450"}],"curies":[{"name":"wp","href":"https:\/\/api.w.org\/{rel}","templated":true}]}}