{"id":2446,"date":"2023-03-14T21:39:50","date_gmt":"2023-03-14T21:39:50","guid":{"rendered":"https:\/\/ccsanalejo.com\/?page_id=2446"},"modified":"2023-03-14T21:46:13","modified_gmt":"2023-03-14T21:46:13","slug":"tarjeta-de-credito-platinum","status":"publish","type":"page","link":"https:\/\/ccsanalejo.com\/?page_id=2446","title":{"rendered":"Tarjeta de Cr\u00e9dito Platinum"},"content":{"rendered":"\t\t<div data-elementor-type=\"wp-page\" data-elementor-id=\"2446\" class=\"elementor elementor-2446\">\n\t\t\t\t\t\t<section class=\"elementor-section elementor-top-section elementor-element elementor-element-bc0e9b4 elementor-section-boxed elementor-section-height-default elementor-section-height-default\" data-id=\"bc0e9b4\" data-element_type=\"section\" data-e-type=\"section\">\n\t\t\t\t\t\t<div class=\"elementor-container elementor-column-gap-default\">\n\t\t\t\t\t<div class=\"elementor-column elementor-col-100 elementor-top-column elementor-element elementor-element-92810b0\" data-id=\"92810b0\" data-element_type=\"column\" data-e-type=\"column\">\n\t\t\t<div class=\"elementor-widget-wrap elementor-element-populated\">\n\t\t\t\t\t\t<div class=\"elementor-element elementor-element-238cb6b elementor-widget elementor-widget-heading\" data-id=\"238cb6b\" data-element_type=\"widget\" data-e-type=\"widget\" data-widget_type=\"heading.default\">\n\t\t\t\t<div class=\"elementor-widget-container\">\n\t\t\t\t\t<h2 class=\"elementor-heading-title elementor-size-default\"><font style=\"vertical-align: inherit\"><\/font><font style=\"vertical-align: inherit\"><font style=\"vertical-align: inherit\"><font style=\"vertical-align: inherit\"><\/font><\/font><\/font><font style=\"vertical-align: inherit\"><font style=\"vertical-align: inherit\">Tarjeta de Cr\u00e9dito Platinum<\/font><\/font><\/h2>\t\t\t\t<\/div>\n\t\t\t\t<\/div>\n\t\t\t\t\t<\/div>\n\t\t<\/div>\n\t\t\t\t\t<\/div>\n\t\t<\/section>\n\t\t\t\t<section class=\"elementor-section elementor-top-section elementor-element elementor-element-bad782e elementor-section-boxed elementor-section-height-default elementor-section-height-default\" data-id=\"bad782e\" data-element_type=\"section\" data-e-type=\"section\">\n\t\t\t\t\t\t<div class=\"elementor-container elementor-column-gap-default\">\n\t\t\t\t\t<div class=\"elementor-column elementor-col-50 elementor-top-column elementor-element elementor-element-05a9ed3\" data-id=\"05a9ed3\" data-element_type=\"column\" data-e-type=\"column\">\n\t\t\t<div class=\"elementor-widget-wrap elementor-element-populated\">\n\t\t\t\t\t\t<div class=\"elementor-element elementor-element-96f7ca4 elementor-widget elementor-widget-image\" data-id=\"96f7ca4\" data-element_type=\"widget\" data-e-type=\"widget\" data-widget_type=\"image.default\">\n\t\t\t\t<div class=\"elementor-widget-container\">\n\t\t\t\t\t\t\t\t\t\t\t\t\t\t\t<img fetchpriority=\"high\" decoding=\"async\" width=\"450\" height=\"400\" src=\"https:\/\/ccsanalejo.com\/wp-content\/uploads\/2022\/02\/Tarjeta-Platinum.jpg\" class=\"attachment-medium_large size-medium_large wp-image-2399\" alt=\"\" srcset=\"https:\/\/ccsanalejo.com\/wp-content\/uploads\/2022\/02\/Tarjeta-Platinum.jpg 450w, https:\/\/ccsanalejo.com\/wp-content\/uploads\/2022\/02\/Tarjeta-Platinum-300x267.jpg 300w, https:\/\/ccsanalejo.com\/wp-content\/uploads\/2022\/02\/Tarjeta-Platinum-230x204.jpg 230w, https:\/\/ccsanalejo.com\/wp-content\/uploads\/2022\/02\/Tarjeta-Platinum-350x311.jpg 350w\" sizes=\"(max-width: 450px) 100vw, 450px\" \/>\t\t\t\t\t\t\t\t\t\t\t\t\t\t\t<\/div>\n\t\t\t\t<\/div>\n\t\t\t\t\t<\/div>\n\t\t<\/div>\n\t\t\t\t<div class=\"elementor-column elementor-col-50 elementor-top-column elementor-element elementor-element-06f4897\" data-id=\"06f4897\" data-element_type=\"column\" data-e-type=\"column\">\n\t\t\t<div class=\"elementor-widget-wrap elementor-element-populated\">\n\t\t\t\t\t\t<div class=\"elementor-element elementor-element-a8236e1 elementor-widget elementor-widget-text-editor\" data-id=\"a8236e1\" data-element_type=\"widget\" data-e-type=\"widget\" data-widget_type=\"text-editor.default\">\n\t\t\t\t<div class=\"elementor-widget-container\">\n\t\t\t\t\t\t\t\t\t<p>TARJETA DE CR\u00c9DITO PLATINUM<\/p><ul><li>Acumula Fedepuntos por cada compra que realices y canj\u00e9alos por dinero en efectivo o LifeMiles de Avianca*<\/li><li>Membres\u00eda gratis para las tarjetas de cr\u00e9dito con l\u00edmites hasta $2,000.00<\/li><li>Tecnolog\u00eda Contactless para hacer m\u00e1s seguras tus transacciones<\/li><li>Servicio gratuito de notificaciones de alertas por compra o retiros, por medio de mensajes de texto a tu celular<\/li><li>Descuentos y promociones en comercios afiliados al programa de lealtad<\/li><li>Aceptada en todos los comercios y cajeros a nivel nacional e internacional afiliados a la marca VISA.<\/li><li>Retiro de efectivo en Cajeros Autom\u00e1ticos FEDE RED 365 y otras redes a nivel local e internacional, FEDE PUNTO VECINO y dem\u00e1s puntos de atenci\u00f3n de las Cajas de Cr\u00e9dito y los Bancos de los Trabajadores del SISTEMA FEDECR\u00c9DITO.<\/li><\/ul><p>\u00a0<\/p><p>Beneficios VISA:<\/p><p>(Aplican cuando el tarjetahabiente se encuentra en el extranjero)<\/p><p>\u00a0<\/p><ul><li>Centro de Atenci\u00f3n al Cliente Visa Digital y Tel\u00e9fono<\/li><\/ul><p>Este servicio te permite hacer llamadas cuando te encuentres en el extranjero sin cobro alguno, para hacer cualquier gesti\u00f3n o solicitar cualquier asistencia, tales como: robo de tarjeta, perdida de la tarjeta, dinero de emergencia, entre otros.<\/p><p>\u00a0<\/p><ul><li>Acceso al Portal de Beneficios Visa<\/li><\/ul><p>Este servicio es parte esencial de pertenecer a la marca VISA; en este portal podr\u00e1s autogestionar todos tus requerimientos, como: emitir certificados de viaje, afiliarse a servicios de Streaming, afiliarse a revistas digitales, afiliarse a casilleros para compras como SKYBOX, gestionar reclamos de seguro de veh\u00edculos arrendados en el extranjero, entre otros servicios<\/p><p>\u00a0<\/p><ul><li>Desembolso de Efectivo de Emergencia. Sujeto a disponibilidad de la tarjeta<\/li><\/ul><p>Este servicio te ayudar\u00e1 a obtener efectivo en caso de que tu tarjeta se pierda o la roben y te encuentres con una emergencia estando fuera del pa\u00eds. No aplica en Cuba, Siria, Sud\u00e1n, Ir\u00e1n, Corea del Norte, Crimea y otros pa\u00edses listados en OFAC.)<\/p><p>\u00a0<\/p><ul><li>Servicio de Reemplazo temporal de Tarjeta<\/li><\/ul><p>Este servicio, a trav\u00e9s del Centro de Atenci\u00f3n al Cliente Visa, coordina el env\u00edo de una tarjeta temporal, que ha sido extraviada, perdida o robada, cuando te encuentres fuera del pa\u00eds, en un plazo de 24 horas en EE.UU y Canad\u00e1 y de un d\u00eda h\u00e1bil desde otros pa\u00edses.<\/p><p>\u00a0<\/p><ul><li>Protecci\u00f3n de Precios<\/li><\/ul><p>Cuando pagues en su totalidad un art\u00edculo con su Visa elegible, recibir\u00e1s de forma gratuita y sin tener que registrarlo, protecci\u00f3n cuando encuentre el mismo art\u00edculo (misma marca, modelo y a\u00f1o modelo) por un precio m\u00e1s bajo dentro de los treinta d\u00edas de la fecha de compra. Esta no es cubierta por el Programa de Protecci\u00f3n contra Robo, Hurto, Fraude y Extrav\u00edo<\/p><p>\u00a0<\/p><ul><li>Protecci\u00f3n de compra<\/li><\/ul><p>Cuando pagues en su totalidad un art\u00edculo con tu Visa elegible, recibir\u00e1 de forma gratuita y sin tener que registrarlo, protecci\u00f3n contra robo o da\u00f1os accidentales, dentro de los 180 d\u00edas posteriores a la fecha de compra. Este servicio no es cubierto por el Programa de Protecci\u00f3n contra Robo, Hurto, Fraude y Extrav\u00edo<\/p><p>\u00a0<\/p><ul><li>Garant\u00eda Extendida<\/li><\/ul><p>El art\u00edculo cubierto debe tener una garant\u00eda del fabricante \/ minorista de un m\u00ednimo de tres meses y hasta tres a\u00f1os. La cobertura est\u00e1 sujeta a los t\u00e9rminos y condiciones aplicables. Debes reportar y abrir una reclamaci\u00f3n tan pronto como sea posible despu\u00e9s del incidente. La cobertura es provista por AIG y \/ o la reaseguradora correspondiente, si aplica. Esta protecci\u00f3n no aplica para productos comprados en Cuba, Siria, Sud\u00e1n, Ir\u00e1n, Corea del Norte, Crimea y otros pa\u00edses listados en OFAC.<\/p><p>\u00a0<\/p><p>\u00a0<\/p><ul><li>VISA Luxury Hotel Collection<\/li><\/ul><p>Visa Luxury Hotel Collection incluye hoteles reconocidos y lujosos como el Mandarin Oriental, Park Hyatt y Aman Resorts. Los +900 hoteles participantes son seleccionados individualmente por Visa y evaluados anualmente bajo un minucioso criterio de calidad y servicio. Desde los peque\u00f1os hoteles boutique hasta los grandes hoteles reconocidos mundialmente hacen parte de esta exclusiva colecci\u00f3n dise\u00f1ada para ofrecerle a los tarjetahabientes Visa valor y experiencias inigualables (Mejor tarifa garantizada, Upgrade de la habitaci\u00f3n, Desayuno continental diario, Checkout extendido (3 p.m.), Estatus de hu\u00e9sped VIP, USD 25 en pagar\u00e9s para comida\/bebida, Acceso gratuito a internetPara acceder a este beneficio, inicie sesi\u00f3n en el Portal de beneficios)<\/p><p>\u00a0<\/p><ul><li>COVID l\u00ednea de ayuda<\/li><\/ul><p>Informaci\u00f3n general APENAS sobre sintomas del COVID. Esta l\u00ednea NO prescribe ni proporciona documentaci\u00f3n para viajar o regresar a las actividades. NO se puede solicitar asistencia m\u00e9dica a trav\u00e9s de este beneficio. Para acceder a este beneficio, inicie sesi\u00f3n en el Portal de beneficios<\/p><p>\u00a0<\/p><ul><li>Servicios m\u00e9dicos de emergencia internacional<\/li><\/ul><p>Tus servicios m\u00e9dicos internacionales de emergencia te cubrir\u00e1n, al titular de la tarjeta y \/ o a la persona a la que se compr\u00f3 un boleto con tu tarjeta Visa, en caso de accidentes o emergencias m\u00e9dicas que ocurran cuando est\u00e9s disfrutando de tus viajes en el extranjero. Estos servicios incluyen atenci\u00f3n m\u00e9dica, dental, prescripciones m\u00e9dicas y gastos de alojamiento y transporte tal como se definen en los t\u00e9rminos y condiciones. Este servicio tambi\u00e9n te proporciona el Certificado Schengen para tus viajes a Europa. Tendr\u00e1 hasta treinta d\u00edas para abrir un reclamo. Esta protecci\u00f3n cubre viajes de hasta sesenta d\u00edas consecutivos de duraci\u00f3n.<\/p><p>El SERVICIO EMERGENCIA M\u00c9DICA INTERNACIONAL te asistir\u00e1 con ASISTENCIA M\u00c9DICA y SERVICIOS DE TRANSPORTE \/ ALOJAMIENTO, incluso si se solicitan como consecuencia del COVID-19.<\/p><p>Pueden aplicarse limitaciones y exclusiones. Por favor consulte: LIMITACIONES y EXCLUSIONES en los T\u00e9rminos y condiciones. T\u00e9rminos y condiciones aplicables. Ten en cuenta que es obligatorio generar el Certificado de Viaje antes de cada viaje elegible. Los beneficios y los servicios que se describen en el presente documento no est\u00e1n disponibles para viajes a Cuba, Ir\u00e1n, Siria, Corea del Norte, la pen\u00ednsula de Crimea ni Sud\u00e1n; tampoco lo est\u00e1n otros servicios relacionados con estos destinos.<\/p><p>\u00a0<\/p><ul><li>Visa Airport Companion<\/li><\/ul><p>Benef\u00edcio que ofrece acceso a privilegios y descuentos en una gama de amenidades y servicios como ser salas VIP, descuentos en restaurantes y tiendas, acceso a red privada de Wi-Fi y servicio de transporte al aeropuerto.<\/p><p>Cobertura Global: 140 pa\u00edses, 450+ aeropuertos internacionales, 1000+ Salas VIP, 1000+ restaurantes en aeropuertos<\/p><p>Benef\u00edcio que ofrece acceso a privilegios y descuentos en una gama de amenidades y servicios como ser salas VIP, descuentos en restaurantes y tiendas, acceso a red privada de Wi-Fi y servicio de transporte al aeropuerto.<\/p><p>\u00a0<\/p><ul><li>Visa Digital Concierge<\/li><\/ul><p>Reserva una mesa en el restaurante favorito donde est\u00e1s viajando. Deseas boletos para un evento especial. Visa Concierge te ayuda con todo esto y m\u00e1s.<\/p><p>\u00a0<\/p><ul><li>Viajes<\/li><\/ul><p>Recomendaciones y reservaciones de vuelos. Recomendaciones y reservaciones de hoteles. Recomendaciones y reservaciones de cruceros y excusiones, paseos y tours. Reservas y arreglos para alquilar veh\u00edculos (incluyendo autom\u00f3viles de lujo), helic\u00f3pteros y yates.<\/p><p>Entretenimiento y experiencias.<\/p><p>Recomendaciones y reservaciones para teatros, \u00f3pera, ballet, conciertos, museos y otras actividades y eventos culturales y deportivos. Recomendaciones y reservaciones en restaurantes<\/p><p>Informaci\u00f3n y reservas para disfrutar de la vida nocturna. Excursiones y visitas a lugares de inter\u00e9s. Recomendaciones, horarios y reservas de canchas de tenis, campos de golf, gimnasios y clubes deportivos. Informaci\u00f3n sobre los deportes especiales que se pueden practicar en el destino donde te encuentres disfrutando el viaje de tus sue\u00f1os.<\/p><p>Servicios especiales.<\/p><p>Recomendaci\u00f3n y reserva de salones de conferencias en hoteles o centros ejecutivos. Recomendaci\u00f3n de int\u00e9rpretes y traductores. Alquiler de equipos (computadores, tel\u00e9fonos celulares, etc.). Informaci\u00f3n sobre reglas de etiqueta y protocolo. Referencias para obtener servicios de apoyo y seguridad. Referencias para obtener asesor\u00eda jur\u00eddica.<\/p><p>Regalos y compras<\/p><p>Sugerencias e ideas para regalos<\/p><p>Env\u00edo de arreglos florales, globos, canastas y paquetes de regalo<\/p><p>Localizaci\u00f3n de art\u00edculos dif\u00edciles de encontrar (dentro de lo posible)<\/p><p>Informaci\u00f3n sobre los mejores lugares para comprar<\/p><p>Asistencia con compras personales<\/p><p>\u00a0<\/p><ul><li>Visa M\u00e9dico Online<\/li><\/ul><p>Acceso las 24 horas del d\u00eda, los 7 d\u00edas de la semana. Doctores certificados. Con\u00e9cteate con cualquier dispositivo habilitado para video (Android y Iphone requiren descargar la aplicaci\u00f3n)<\/p><p>\u00a0<\/p><ul><li>Seguro de Alquiler de Veh\u00edculo<\/li><\/ul><p>La cobertura se aplica en cualquier pa\u00eds del mundo, incluido tu propio pa\u00eds, sujeto a algunas restricciones y si lo permite la normativa local. Los cargos por remolque y cualquier cargo por p\u00e9rdida de uso asi como cargos administrativos pueden estar cubiertos siempre que dichos cargos resulten directamente de una p\u00e9rdida cubierta. La reserva de alquiler y el pago total deben realizarse con la Visa elegible. Este seguro cubre el veh\u00edculo de alquiler cuando t\u00fa, el titular de la tarjeta o cualquier otro conductor autorizado y registrado en el contrato de alquiler de autom\u00f3vil est\u00e1 conduciendo o cuidando del veh\u00edculo alquilado. La cobertura est\u00e1 sujeta a los t\u00e9rminos y condiciones aplicables. Debes reportar y abrir una reclamaci\u00f3n tan pronto como sea posible despu\u00e9s del incidente. La cobertura es provista por AIG y \/ o el Reasegurador correspondiente, si aplica.<\/p><p>\u00a0<\/p><ul><li>Beneficio de suscripci\u00f3n otorgados por VISA<\/li><\/ul><p>Ver las disponibilidades y condiciones en el Portal de Beneficios de VISA<\/p><p>\u00a0<\/p><p>\u00a0<\/p><p>Para m\u00e1s informaci\u00f3n sobre los beneficios VISA puedes consultar el siguiente link:\u00a0<a href=\"https:\/\/visabenefitslac.axa-assistance.us\/benefits\/P_C_SV\">https:\/\/visabenefitslac.axa-assistance.us\/benefits\/P_C_SV<\/a><\/p>\t\t\t\t\t\t\t\t<\/div>\n\t\t\t\t<\/div>\n\t\t\t\t\t<\/div>\n\t\t<\/div>\n\t\t\t\t\t<\/div>\n\t\t<\/section>\n\t\t\t\t<\/div>\n\t\t","protected":false},"excerpt":{"rendered":"<p>Tarjeta de Cr\u00e9dito Platinum TARJETA DE CR\u00c9DITO PLATINUM Acumula Fedepuntos por cada compra que realices y canj\u00e9alos por dinero en efectivo o LifeMiles de Avianca* Membres\u00eda [&hellip;]<\/p>\n","protected":false},"author":2,"featured_media":0,"parent":0,"menu_order":0,"comment_status":"closed","ping_status":"closed","template":"","meta":{"footnotes":""},"class_list":["post-2446","page","type-page","status-publish","hentry"],"_links":{"self":[{"href":"https:\/\/ccsanalejo.com\/index.php?rest_route=\/wp\/v2\/pages\/2446","targetHints":{"allow":["GET"]}}],"collection":[{"href":"https:\/\/ccsanalejo.com\/index.php?rest_route=\/wp\/v2\/pages"}],"about":[{"href":"https:\/\/ccsanalejo.com\/index.php?rest_route=\/wp\/v2\/types\/page"}],"author":[{"embeddable":true,"href":"https:\/\/ccsanalejo.com\/index.php?rest_route=\/wp\/v2\/users\/2"}],"replies":[{"embeddable":true,"href":"https:\/\/ccsanalejo.com\/index.php?rest_route=%2Fwp%2Fv2%2Fcomments&post=2446"}],"version-history":[{"count":7,"href":"https:\/\/ccsanalejo.com\/index.php?rest_route=\/wp\/v2\/pages\/2446\/revisions"}],"predecessor-version":[{"id":2463,"href":"https:\/\/ccsanalejo.com\/index.php?rest_route=\/wp\/v2\/pages\/2446\/revisions\/2463"}],"wp:attachment":[{"href":"https:\/\/ccsanalejo.com\/index.php?rest_route=%2Fwp%2Fv2%2Fmedia&parent=2446"}],"curies":[{"name":"wp","href":"https:\/\/api.w.org\/{rel}","templated":true}]}}